{"id":690,"date":"2021-06-24T12:10:47","date_gmt":"2021-06-24T12:10:47","guid":{"rendered":"https:\/\/diashotelkaterini.gr\/?page_id=690"},"modified":"2024-03-07T07:47:21","modified_gmt":"2024-03-07T07:47:21","slug":"aparthotel-dias","status":"publish","type":"page","link":"https:\/\/diashotelkaterini.gr\/pl\/aparthotel-dias\/","title":{"rendered":"Aparthotel\u00a0 Dias"},"content":{"rendered":"<h3>DLACZEGO APARTAMENTY DIAS ?<\/h3>\n<p>Aparthotel\u00a0 Dias, kt\u00f3ry zosta\u0142y\u00a0 ca\u0142kowicie odnowiony\u00a0 w 2021r. Aparthotel znajduje si\u0119 w cichym zak\u0105tku kurortu turystycznego Olimpic Beach w regionie Pieria, opodal podn\u00f3\u017ca pasma G\u00f3r Olimpu. 450 metr\u00f3w to odleg\u0142o\u015b\u0107 dziel\u0105ca hotel od morza i szerokiej drobnopiaszczystej pla\u017cy, natomiast do centrum miasta oko\u0142o 300 metrow. Miasto Katerini, to stolica tutejszego regionu Pieria, znajdujaca si\u0119 w odleg\u0142o\u015bci 8 km od miasteczka Olimpic Beach<\/p>\n<h3>POKOJE<\/h3>\n<p>Wszystkie \u00a0pokoje s\u0105 przytulne i gustownie urz\u0105dzone. Z pokoji \u00a0roztacza si\u0119 pi\u0119kny widok na \u00a0morze lub szczyty \u00a0pasma Olimpuoraz\u00a0 pasma Pieri. Wyposa\u017cenie pokoju: telewizja SAT, klimatyzacja, lod\u00f3wka,suszarka do w\u0142os\u00f3w, sejf, Wi-Fi ,aneks\u00a0 kouchenny.<\/p>\n<h3>US\u0141UGI HOTELOWE<\/h3>\n<p><strong>Recepcja<\/strong>\u00a0hotelu zapewni Pa\u0144stwu mi\u0142\u0105 i profesjonaln\u0105 obs\u0142ug\u0119. Atutem u\u0142atwiaj\u0105cym kontakt z turystami\u00a0 jest znajomo\u015b\u0107 j\u0119zyka polskiego przez obs\u0142ug\u0119 hotelow\u0105.<\/p>\n<p><strong>Restauracja<\/strong>\u00a0hotelowa oferuje obfite i smaczne \u015bniadania oraz obiadokolacje w stylu kuchni europejskiej i \u015brodziemnomorskiej.<\/p>\n<p><strong>Darmowy bezprzewodowy Internet Wi \u2013Fi<\/strong>\u00a0na terenie ca\u0142ego aparthotelu<\/p>\n<p><strong>Drink bar oraz basen<\/strong>\u00a0to miejsca, gdzie ka\u017cdy przy napojach i drinkach alkoholowych \u00a0 znajdzie czas na relaks i odpoczynek. Korzystaj\u0105c z k\u0105pieli w basenie hotelowym to okazja\u00a0 aby rozkoszowa\u0107 si\u0119 widokiem szczyt\u00f3w Olimpu.<\/p>\n<p><strong>Parking<\/strong><br \/>\nzapewni bezpieczne i spokojne miejsce do zaparkowania\u00a0\u00a0 samochodu.<\/p>\n<h3 style=\"text-align: center;\">ZDJ\u0118CIA<\/h3>\n\n\t\t<style type=\"text\/css\">\n\t\t\t#gallery-1 {\n\t\t\t\tmargin: auto;\n\t\t\t}\n\t\t\t#gallery-1 .gallery-item {\n\t\t\t\tfloat: left;\n\t\t\t\tmargin-top: 10px;\n\t\t\t\ttext-align: center;\n\t\t\t\twidth: 20%;\n\t\t\t}\n\t\t\t#gallery-1 img {\n\t\t\t\tborder: 2px solid #cfcfcf;\n\t\t\t}\n\t\t\t#gallery-1 .gallery-caption {\n\t\t\t\tmargin-left: 0;\n\t\t\t}\n\t\t\t\/* see gallery_shortcode() in wp-includes\/media.php *\/\n\t\t<\/style>\n\t\t<div id='gallery-1' class='gallery galleryid-690 gallery-columns-5 gallery-size-thumbnail'><dl class='gallery-item'>\n\t\t\t<dt class='gallery-icon landscape'>\n\t\t\t\t<a href='https:\/\/diashotelkaterini.gr\/wp-content\/uploads\/2021\/06\/DIAS-Eksoteriko-ii-Bush-low.jpg' title=\"\" data-rl_title=\"\" class=\"rl-gallery-link\" data-rl_caption=\"\" data-rel=\"lightbox-gallery-1\"><img loading=\"lazy\" decoding=\"async\" width=\"150\" height=\"150\" src=\"https:\/\/diashotelkaterini.gr\/wp-content\/uploads\/2021\/06\/DIAS-Eksoteriko-ii-Bush-low-150x150.jpg\" class=\"attachment-thumbnail size-thumbnail\" alt=\"\" aria-describedby=\"gallery-1-671\" srcset=\"https:\/\/diashotelkaterini.gr\/wp-content\/uploads\/2021\/06\/DIAS-Eksoteriko-ii-Bush-low-150x150.jpg 150w, https:\/\/diashotelkaterini.gr\/wp-content\/uploads\/2021\/06\/DIAS-Eksoteriko-ii-Bush-low-80x80.jpg 80w\" sizes=\"(max-width: 150px) 100vw, 150px\" \/><\/a>\n\t\t\t<\/dt>\n\t\t\t\t<dd class='wp-caption-text gallery-caption' id='gallery-1-671'>\n\t\t\t\tDias Apartments\n\t\t\t\t<\/dd><\/dl><dl class='gallery-item'>\n\t\t\t<dt class='gallery-icon landscape'>\n\t\t\t\t<a href='https:\/\/diashotelkaterini.gr\/wp-content\/uploads\/2021\/06\/DIAS-2.jpg' title=\"\" data-rl_title=\"\" class=\"rl-gallery-link\" data-rl_caption=\"\" data-rel=\"lightbox-gallery-1\"><img loading=\"lazy\" decoding=\"async\" width=\"150\" height=\"150\" src=\"https:\/\/diashotelkaterini.gr\/wp-content\/uploads\/2021\/06\/DIAS-2-150x150.jpg\" class=\"attachment-thumbnail size-thumbnail\" alt=\"\" aria-describedby=\"gallery-1-670\" srcset=\"https:\/\/diashotelkaterini.gr\/wp-content\/uploads\/2021\/06\/DIAS-2-150x150.jpg 150w, https:\/\/diashotelkaterini.gr\/wp-content\/uploads\/2021\/06\/DIAS-2-80x80.jpg 80w\" sizes=\"(max-width: 150px) 100vw, 150px\" \/><\/a>\n\t\t\t<\/dt>\n\t\t\t\t<dd class='wp-caption-text gallery-caption' id='gallery-1-670'>\n\t\t\t\tDias Hotel\n\t\t\t\t<\/dd><\/dl><dl class='gallery-item'>\n\t\t\t<dt class='gallery-icon landscape'>\n\t\t\t\t<a href='https:\/\/diashotelkaterini.gr\/wp-content\/uploads\/2021\/06\/PXI_4626.jpg' title=\"\" data-rl_title=\"\" class=\"rl-gallery-link\" data-rl_caption=\"\" data-rel=\"lightbox-gallery-1\"><img loading=\"lazy\" decoding=\"async\" width=\"150\" height=\"150\" src=\"https:\/\/diashotelkaterini.gr\/wp-content\/uploads\/2021\/06\/PXI_4626-150x150.jpg\" class=\"attachment-thumbnail size-thumbnail\" alt=\"\" aria-describedby=\"gallery-1-684\" srcset=\"https:\/\/diashotelkaterini.gr\/wp-content\/uploads\/2021\/06\/PXI_4626-150x150.jpg 150w, https:\/\/diashotelkaterini.gr\/wp-content\/uploads\/2021\/06\/PXI_4626-80x80.jpg 80w\" sizes=\"(max-width: 150px) 100vw, 150px\" \/><\/a>\n\t\t\t<\/dt>\n\t\t\t\t<dd class='wp-caption-text gallery-caption' id='gallery-1-684'>\n\t\t\t\tDias Hotel\n\t\t\t\t<\/dd><\/dl><dl class='gallery-item'>\n\t\t\t<dt class='gallery-icon portrait'>\n\t\t\t\t<a href='https:\/\/diashotelkaterini.gr\/wp-content\/uploads\/2021\/06\/PXI_4432.jpg' title=\"\" data-rl_title=\"\" class=\"rl-gallery-link\" data-rl_caption=\"\" data-rel=\"lightbox-gallery-1\"><img loading=\"lazy\" decoding=\"async\" width=\"150\" height=\"150\" src=\"https:\/\/diashotelkaterini.gr\/wp-content\/uploads\/2021\/06\/PXI_4432-150x150.jpg\" class=\"attachment-thumbnail size-thumbnail\" alt=\"\" aria-describedby=\"gallery-1-683\" srcset=\"https:\/\/diashotelkaterini.gr\/wp-content\/uploads\/2021\/06\/PXI_4432-150x150.jpg 150w, https:\/\/diashotelkaterini.gr\/wp-content\/uploads\/2021\/06\/PXI_4432-80x80.jpg 80w\" sizes=\"(max-width: 150px) 100vw, 150px\" \/><\/a>\n\t\t\t<\/dt>\n\t\t\t\t<dd class='wp-caption-text gallery-caption' id='gallery-1-683'>\n\t\t\t\tDias Hotel\n\t\t\t\t<\/dd><\/dl><dl class='gallery-item'>\n\t\t\t<dt class='gallery-icon portrait'>\n\t\t\t\t<a href='https:\/\/diashotelkaterini.gr\/wp-content\/uploads\/2021\/06\/IMG_2787.jpg' title=\"\" data-rl_title=\"\" class=\"rl-gallery-link\" data-rl_caption=\"\" data-rel=\"lightbox-gallery-1\"><img loading=\"lazy\" decoding=\"async\" width=\"150\" height=\"150\" src=\"https:\/\/diashotelkaterini.gr\/wp-content\/uploads\/2021\/06\/IMG_2787-150x150.jpg\" class=\"attachment-thumbnail size-thumbnail\" alt=\"\" srcset=\"https:\/\/diashotelkaterini.gr\/wp-content\/uploads\/2021\/06\/IMG_2787-150x150.jpg 150w, https:\/\/diashotelkaterini.gr\/wp-content\/uploads\/2021\/06\/IMG_2787-80x80.jpg 80w\" sizes=\"(max-width: 150px) 100vw, 150px\" \/><\/a>\n\t\t\t<\/dt><\/dl><br style=\"clear: both\" \/><dl class='gallery-item'>\n\t\t\t<dt class='gallery-icon landscape'>\n\t\t\t\t<a href='https:\/\/diashotelkaterini.gr\/wp-content\/uploads\/2021\/06\/IMG_2728.jpg' title=\"\" data-rl_title=\"\" class=\"rl-gallery-link\" data-rl_caption=\"\" data-rel=\"lightbox-gallery-1\"><img loading=\"lazy\" decoding=\"async\" width=\"150\" height=\"150\" src=\"https:\/\/diashotelkaterini.gr\/wp-content\/uploads\/2021\/06\/IMG_2728-150x150.jpg\" class=\"attachment-thumbnail size-thumbnail\" alt=\"\" aria-describedby=\"gallery-1-681\" srcset=\"https:\/\/diashotelkaterini.gr\/wp-content\/uploads\/2021\/06\/IMG_2728-150x150.jpg 150w, https:\/\/diashotelkaterini.gr\/wp-content\/uploads\/2021\/06\/IMG_2728-80x80.jpg 80w\" sizes=\"(max-width: 150px) 100vw, 150px\" \/><\/a>\n\t\t\t<\/dt>\n\t\t\t\t<dd class='wp-caption-text gallery-caption' id='gallery-1-681'>\n\t\t\t\tDias Hotel\n\t\t\t\t<\/dd><\/dl><dl class='gallery-item'>\n\t\t\t<dt class='gallery-icon portrait'>\n\t\t\t\t<a href='https:\/\/diashotelkaterini.gr\/wp-content\/uploads\/2021\/06\/DSC_2345-1.jpg' title=\"\" data-rl_title=\"\" class=\"rl-gallery-link\" data-rl_caption=\"\" data-rel=\"lightbox-gallery-1\"><img loading=\"lazy\" decoding=\"async\" width=\"150\" height=\"150\" src=\"https:\/\/diashotelkaterini.gr\/wp-content\/uploads\/2021\/06\/DSC_2345-1-150x150.jpg\" class=\"attachment-thumbnail size-thumbnail\" alt=\"\" srcset=\"https:\/\/diashotelkaterini.gr\/wp-content\/uploads\/2021\/06\/DSC_2345-1-150x150.jpg 150w, https:\/\/diashotelkaterini.gr\/wp-content\/uploads\/2021\/06\/DSC_2345-1-80x80.jpg 80w\" sizes=\"(max-width: 150px) 100vw, 150px\" \/><\/a>\n\t\t\t<\/dt><\/dl><dl class='gallery-item'>\n\t\t\t<dt class='gallery-icon landscape'>\n\t\t\t\t<a href='https:\/\/diashotelkaterini.gr\/wp-content\/uploads\/2021\/06\/DSC_6218.jpg' title=\"\" data-rl_title=\"\" class=\"rl-gallery-link\" data-rl_caption=\"\" data-rel=\"lightbox-gallery-1\"><img loading=\"lazy\" decoding=\"async\" width=\"150\" height=\"150\" src=\"https:\/\/diashotelkaterini.gr\/wp-content\/uploads\/2021\/06\/DSC_6218-150x150.jpg\" class=\"attachment-thumbnail size-thumbnail\" alt=\"\" srcset=\"https:\/\/diashotelkaterini.gr\/wp-content\/uploads\/2021\/06\/DSC_6218-150x150.jpg 150w, https:\/\/diashotelkaterini.gr\/wp-content\/uploads\/2021\/06\/DSC_6218-80x80.jpg 80w\" sizes=\"(max-width: 150px) 100vw, 150px\" \/><\/a>\n\t\t\t<\/dt><\/dl><dl class='gallery-item'>\n\t\t\t<dt class='gallery-icon landscape'>\n\t\t\t\t<a href='https:\/\/diashotelkaterini.gr\/wp-content\/uploads\/2021\/06\/DSC_6231.jpg' title=\"\" data-rl_title=\"\" class=\"rl-gallery-link\" data-rl_caption=\"\" data-rel=\"lightbox-gallery-1\"><img loading=\"lazy\" decoding=\"async\" width=\"150\" height=\"150\" src=\"https:\/\/diashotelkaterini.gr\/wp-content\/uploads\/2021\/06\/DSC_6231-150x150.jpg\" class=\"attachment-thumbnail size-thumbnail\" alt=\"\" srcset=\"https:\/\/diashotelkaterini.gr\/wp-content\/uploads\/2021\/06\/DSC_6231-150x150.jpg 150w, https:\/\/diashotelkaterini.gr\/wp-content\/uploads\/2021\/06\/DSC_6231-80x80.jpg 80w\" sizes=\"(max-width: 150px) 100vw, 150px\" \/><\/a>\n\t\t\t<\/dt><\/dl><dl class='gallery-item'>\n\t\t\t<dt class='gallery-icon landscape'>\n\t\t\t\t<a href='https:\/\/diashotelkaterini.gr\/wp-content\/uploads\/2021\/06\/DSC_6265.jpg' title=\"\" data-rl_title=\"\" class=\"rl-gallery-link\" data-rl_caption=\"\" data-rel=\"lightbox-gallery-1\"><img loading=\"lazy\" decoding=\"async\" width=\"150\" height=\"150\" src=\"https:\/\/diashotelkaterini.gr\/wp-content\/uploads\/2021\/06\/DSC_6265-150x150.jpg\" class=\"attachment-thumbnail size-thumbnail\" alt=\"\" srcset=\"https:\/\/diashotelkaterini.gr\/wp-content\/uploads\/2021\/06\/DSC_6265-150x150.jpg 150w, https:\/\/diashotelkaterini.gr\/wp-content\/uploads\/2021\/06\/DSC_6265-80x80.jpg 80w\" sizes=\"(max-width: 150px) 100vw, 150px\" \/><\/a>\n\t\t\t<\/dt><\/dl><br style=\"clear: both\" \/><dl class='gallery-item'>\n\t\t\t<dt class='gallery-icon portrait'>\n\t\t\t\t<a href='https:\/\/diashotelkaterini.gr\/wp-content\/uploads\/2021\/06\/DSC_6270.jpg' title=\"\" data-rl_title=\"\" class=\"rl-gallery-link\" data-rl_caption=\"\" data-rel=\"lightbox-gallery-1\"><img loading=\"lazy\" decoding=\"async\" width=\"150\" height=\"150\" src=\"https:\/\/diashotelkaterini.gr\/wp-content\/uploads\/2021\/06\/DSC_6270-150x150.jpg\" class=\"attachment-thumbnail size-thumbnail\" alt=\"\" srcset=\"https:\/\/diashotelkaterini.gr\/wp-content\/uploads\/2021\/06\/DSC_6270-150x150.jpg 150w, https:\/\/diashotelkaterini.gr\/wp-content\/uploads\/2021\/06\/DSC_6270-80x80.jpg 80w\" sizes=\"(max-width: 150px) 100vw, 150px\" \/><\/a>\n\t\t\t<\/dt><\/dl><dl class='gallery-item'>\n\t\t\t<dt class='gallery-icon landscape'>\n\t\t\t\t<a href='https:\/\/diashotelkaterini.gr\/wp-content\/uploads\/2021\/06\/DSC_6272-Pano.jpg' title=\"\" data-rl_title=\"\" class=\"rl-gallery-link\" data-rl_caption=\"\" data-rel=\"lightbox-gallery-1\"><img loading=\"lazy\" decoding=\"async\" width=\"150\" height=\"150\" src=\"https:\/\/diashotelkaterini.gr\/wp-content\/uploads\/2021\/06\/DSC_6272-Pano-150x150.jpg\" class=\"attachment-thumbnail size-thumbnail\" alt=\"\" srcset=\"https:\/\/diashotelkaterini.gr\/wp-content\/uploads\/2021\/06\/DSC_6272-Pano-150x150.jpg 150w, https:\/\/diashotelkaterini.gr\/wp-content\/uploads\/2021\/06\/DSC_6272-Pano-80x80.jpg 80w\" sizes=\"(max-width: 150px) 100vw, 150px\" \/><\/a>\n\t\t\t<\/dt><\/dl><dl class='gallery-item'>\n\t\t\t<dt class='gallery-icon landscape'>\n\t\t\t\t<a href='https:\/\/diashotelkaterini.gr\/wp-content\/uploads\/2021\/06\/DSC_6279.jpg' title=\"\" data-rl_title=\"\" class=\"rl-gallery-link\" data-rl_caption=\"\" data-rel=\"lightbox-gallery-1\"><img loading=\"lazy\" decoding=\"async\" width=\"150\" height=\"150\" src=\"https:\/\/diashotelkaterini.gr\/wp-content\/uploads\/2021\/06\/DSC_6279-150x150.jpg\" class=\"attachment-thumbnail size-thumbnail\" alt=\"\" srcset=\"https:\/\/diashotelkaterini.gr\/wp-content\/uploads\/2021\/06\/DSC_6279-150x150.jpg 150w, https:\/\/diashotelkaterini.gr\/wp-content\/uploads\/2021\/06\/DSC_6279-80x80.jpg 80w\" sizes=\"(max-width: 150px) 100vw, 150px\" \/><\/a>\n\t\t\t<\/dt><\/dl><dl class='gallery-item'>\n\t\t\t<dt class='gallery-icon landscape'>\n\t\t\t\t<a href='https:\/\/diashotelkaterini.gr\/wp-content\/uploads\/2021\/06\/DSC_6303.jpg' title=\"\" data-rl_title=\"\" class=\"rl-gallery-link\" data-rl_caption=\"\" data-rel=\"lightbox-gallery-1\"><img loading=\"lazy\" decoding=\"async\" width=\"150\" height=\"150\" src=\"https:\/\/diashotelkaterini.gr\/wp-content\/uploads\/2021\/06\/DSC_6303-150x150.jpg\" class=\"attachment-thumbnail size-thumbnail\" alt=\"\" srcset=\"https:\/\/diashotelkaterini.gr\/wp-content\/uploads\/2021\/06\/DSC_6303-150x150.jpg 150w, https:\/\/diashotelkaterini.gr\/wp-content\/uploads\/2021\/06\/DSC_6303-80x80.jpg 80w\" sizes=\"(max-width: 150px) 100vw, 150px\" \/><\/a>\n\t\t\t<\/dt><\/dl><dl class='gallery-item'>\n\t\t\t<dt class='gallery-icon landscape'>\n\t\t\t\t<a href='https:\/\/diashotelkaterini.gr\/wp-content\/uploads\/2021\/06\/DSC_6327-HDR.jpg' title=\"\" data-rl_title=\"\" class=\"rl-gallery-link\" data-rl_caption=\"\" data-rel=\"lightbox-gallery-1\"><img loading=\"lazy\" decoding=\"async\" width=\"150\" height=\"150\" src=\"https:\/\/diashotelkaterini.gr\/wp-content\/uploads\/2021\/06\/DSC_6327-HDR-150x150.jpg\" class=\"attachment-thumbnail size-thumbnail\" alt=\"\" srcset=\"https:\/\/diashotelkaterini.gr\/wp-content\/uploads\/2021\/06\/DSC_6327-HDR-150x150.jpg 150w, https:\/\/diashotelkaterini.gr\/wp-content\/uploads\/2021\/06\/DSC_6327-HDR-80x80.jpg 80w\" sizes=\"(max-width: 150px) 100vw, 150px\" \/><\/a>\n\t\t\t<\/dt><\/dl><br style=\"clear: both\" \/>\n\t\t<\/div>\n\n<p>&nbsp;<\/p>\n","protected":false},"excerpt":{"rendered":"<p>DLACZEGO APARTAMENTY DIAS ? Aparthotel\u00a0 Dias, kt\u00f3ry zosta\u0142y\u00a0 ca\u0142kowicie odnowiony\u00a0 w 2021r. Aparthotel znajduje si\u0119 w cichym zak\u0105tku kurortu turystycznego Olimpic Beach w regionie Pieria, opodal podn\u00f3\u017ca pasma G\u00f3r Olimpu. 450 metr\u00f3w to odleg\u0142o\u015b\u0107 dziel\u0105ca hotel od morza i szerokiej drobnopiaszczystej pla\u017cy, natomiast do centrum miasta oko\u0142o 300 metrow. Miasto Katerini, to stolica tutejszego regionu [&hellip;]<\/p>\n","protected":false},"author":2,"featured_media":0,"parent":0,"menu_order":0,"comment_status":"closed","ping_status":"closed","template":"","meta":{"footnotes":""},"yoast_head":"<!-- This site is optimized with the Yoast SEO plugin v16.5 - https:\/\/yoast.com\/wordpress\/plugins\/seo\/ -->\n<meta name=\"robots\" content=\"index, follow, max-snippet:-1, max-image-preview:large, max-video-preview:-1\" \/>\n<link rel=\"canonical\" href=\"https:\/\/diashotelkaterini.gr\/pl\/aparthotel-dias\/\" \/>\n<meta property=\"og:locale\" content=\"pl_PL\" \/>\n<meta property=\"og:type\" content=\"article\" \/>\n<meta property=\"og:title\" content=\"Aparthotel\u00a0 Dias - Dias Hotel\" \/>\n<meta property=\"og:description\" content=\"DLACZEGO APARTAMENTY DIAS ? Aparthotel\u00a0 Dias, kt\u00f3ry zosta\u0142y\u00a0 ca\u0142kowicie odnowiony\u00a0 w 2021r. Aparthotel znajduje si\u0119 w cichym zak\u0105tku kurortu turystycznego Olimpic Beach w regionie Pieria, opodal podn\u00f3\u017ca pasma G\u00f3r Olimpu. 450 metr\u00f3w to odleg\u0142o\u015b\u0107 dziel\u0105ca hotel od morza i szerokiej drobnopiaszczystej pla\u017cy, natomiast do centrum miasta oko\u0142o 300 metrow. Miasto Katerini, to stolica tutejszego regionu [&hellip;]\" \/>\n<meta property=\"og:url\" content=\"https:\/\/diashotelkaterini.gr\/pl\/aparthotel-dias\/\" \/>\n<meta property=\"og:site_name\" content=\"Dias Hotel\" \/>\n<meta property=\"article:modified_time\" content=\"2024-03-07T07:47:21+00:00\" \/>\n<meta property=\"og:image\" content=\"https:\/\/diashotelkaterini.gr\/wp-content\/uploads\/2021\/06\/DIAS-Eksoteriko-ii-Bush-low-150x150.jpg\" \/>\n<meta name=\"twitter:card\" content=\"summary\" \/>\n<meta name=\"twitter:label1\" content=\"Szacowany czas czytania\" \/>\n\t<meta name=\"twitter:data1\" content=\"1 minuta\" \/>\n<script type=\"application\/ld+json\" class=\"yoast-schema-graph\">{\"@context\":\"https:\/\/schema.org\",\"@graph\":[{\"@type\":\"WebSite\",\"@id\":\"https:\/\/diashotelkaterini.gr\/#website\",\"url\":\"https:\/\/diashotelkaterini.gr\/\",\"name\":\"Dias Hotel\",\"description\":\"\",\"potentialAction\":[{\"@type\":\"SearchAction\",\"target\":\"https:\/\/diashotelkaterini.gr\/?s={search_term_string}\",\"query-input\":\"required name=search_term_string\"}],\"inLanguage\":\"pl-PL\"},{\"@type\":\"WebPage\",\"@id\":\"https:\/\/diashotelkaterini.gr\/pl\/aparthotel-dias\/#webpage\",\"url\":\"https:\/\/diashotelkaterini.gr\/pl\/aparthotel-dias\/\",\"name\":\"Aparthotel\\u00a0 Dias - Dias Hotel\",\"isPartOf\":{\"@id\":\"https:\/\/diashotelkaterini.gr\/#website\"},\"datePublished\":\"2021-06-24T12:10:47+00:00\",\"dateModified\":\"2024-03-07T07:47:21+00:00\",\"breadcrumb\":{\"@id\":\"https:\/\/diashotelkaterini.gr\/pl\/aparthotel-dias\/#breadcrumb\"},\"inLanguage\":\"pl-PL\",\"potentialAction\":[{\"@type\":\"ReadAction\",\"target\":[\"https:\/\/diashotelkaterini.gr\/pl\/aparthotel-dias\/\"]}]},{\"@type\":\"BreadcrumbList\",\"@id\":\"https:\/\/diashotelkaterini.gr\/pl\/aparthotel-dias\/#breadcrumb\",\"itemListElement\":[{\"@type\":\"ListItem\",\"position\":1,\"name\":\"Home\",\"item\":\"https:\/\/diashotelkaterini.gr\/pl\/\"},{\"@type\":\"ListItem\",\"position\":2,\"name\":\"Aparthotel\\u00a0 Dias\"}]}]}<\/script>\n<!-- \/ Yoast SEO plugin. -->","_links":{"self":[{"href":"https:\/\/diashotelkaterini.gr\/pl\/wp-json\/wp\/v2\/pages\/690"}],"collection":[{"href":"https:\/\/diashotelkaterini.gr\/pl\/wp-json\/wp\/v2\/pages"}],"about":[{"href":"https:\/\/diashotelkaterini.gr\/pl\/wp-json\/wp\/v2\/types\/page"}],"author":[{"embeddable":true,"href":"https:\/\/diashotelkaterini.gr\/pl\/wp-json\/wp\/v2\/users\/2"}],"replies":[{"embeddable":true,"href":"https:\/\/diashotelkaterini.gr\/pl\/wp-json\/wp\/v2\/comments?post=690"}],"version-history":[{"count":3,"href":"https:\/\/diashotelkaterini.gr\/pl\/wp-json\/wp\/v2\/pages\/690\/revisions"}],"predecessor-version":[{"id":710,"href":"https:\/\/diashotelkaterini.gr\/pl\/wp-json\/wp\/v2\/pages\/690\/revisions\/710"}],"wp:attachment":[{"href":"https:\/\/diashotelkaterini.gr\/pl\/wp-json\/wp\/v2\/media?parent=690"}],"curies":[{"name":"wp","href":"https:\/\/api.w.org\/{rel}","templated":true}]}}