{"id":475,"date":"2015-07-22T12:23:08","date_gmt":"2015-07-22T12:23:08","guid":{"rendered":"http:\/\/likidishotels.gr\/new\/?page_id=475&#038;lang=pl"},"modified":"2015-07-31T07:39:01","modified_gmt":"2015-07-31T07:39:01","slug":"miejscowosc","status":"publish","type":"page","link":"https:\/\/diashotelkaterini.gr\/pl\/miejscowosc\/","title":{"rendered":"Miejscowo\u015b\u0107"},"content":{"rendered":"<p>Olimpic Beach to kosmopolityczny kurort turystyczny znajduj\u0105cy si\u0119 na Riwierze Olimpu, kt\u00f3ry od wielu lat przyci\u0105ga dziesi\u0105tki tysi\u0119cy turyst\u00f3w z r\u00f3\u017cnych stron \u015bwiata.<\/p>\n<p>Olimpic Beach to miejsce dobrego i cichego odpoczynku, dla osob spragnionych zabawy i wakacyjnego szale\u0144stwa w wielu klubach i dyskotekach.<\/p>\n<p>Miejscowo\u015b\u0107 oferuje wysoki serwis hotelowy, aparthotelowy, Znajduj\u0105 si\u0119 tu tawerny , restauracje . Atutem tutejszego kurortu jest du\u017ca i szeroka pla\u017ca z \u0142agodnym i bezpiecznym zej\u015bciem do morza, kt\u00f3ra corocznie pod wzgl\u0119dem czysto\u015bci uzyskuje mi\u0119dzynarodow\u0105 klas\u0119 \u201eBlekitnej Flagi\u201d.<\/p>\n<p>Olimpic Beach to centrum regionu Pieria, z miastem administracyjnym w Katerini, oddalonym oko\u0142o 8 km. Miasto to u\u0142atwia szybkie i regularne po\u0142\u0105czenia z innymi miejscowo\u015bciami.<\/p>\n<p>Na pasjonat\u00f3w spacerowicz\u00f3w joggingu czeka deptak spacerowy \u0142\u0105czacy Olimpic Beach z miejscowo\u015bci\u0105 Paralia oraz \u015bcie\u017cka rowerowa dla wszystkich, kt\u00f3rzy preferuj\u0105 aktywny wypoczynek.<\/p>\n<p>Najbli\u017cszy port lotniczy \u201eMacedonia\u201d w Salonikach, oddalony jest o 80 km. Szybkie po\u0142\u0105czenie mo\u017cliwe jest dzi\u0119ki kolei oraz nowoczesnej autostradzie E \u2013 75.<\/p>\n<p>Oferujemy\u00a0 fakultatywne ca\u0142odzienne wycieczki po regionie, kt\u00f3re zapewni\u0105 bli\u017csze poznanie tutejszej historii i kultury.<\/p>\n\n\t\t<style type=\"text\/css\">\n\t\t\t#gallery-1 {\n\t\t\t\tmargin: auto;\n\t\t\t}\n\t\t\t#gallery-1 .gallery-item {\n\t\t\t\tfloat: left;\n\t\t\t\tmargin-top: 10px;\n\t\t\t\ttext-align: center;\n\t\t\t\twidth: 20%;\n\t\t\t}\n\t\t\t#gallery-1 img {\n\t\t\t\tborder: 2px solid #cfcfcf;\n\t\t\t}\n\t\t\t#gallery-1 .gallery-caption {\n\t\t\t\tmargin-left: 0;\n\t\t\t}\n\t\t\t\/* see gallery_shortcode() in wp-includes\/media.php *\/\n\t\t<\/style>\n\t\t<div id='gallery-1' class='gallery galleryid-475 gallery-columns-5 gallery-size-thumbnail'><dl class='gallery-item'>\n\t\t\t<dt class='gallery-icon landscape'>\n\t\t\t\t<a href='https:\/\/diashotelkaterini.gr\/wp-content\/uploads\/2015\/07\/olympiaki05.jpg' title=\"\" data-rl_title=\"\" class=\"rl-gallery-link\" data-rl_caption=\"\" data-rel=\"lightbox-gallery-1\"><img loading=\"lazy\" decoding=\"async\" width=\"150\" height=\"150\" src=\"https:\/\/diashotelkaterini.gr\/wp-content\/uploads\/2015\/07\/olympiaki05-150x150.jpg\" class=\"attachment-thumbnail size-thumbnail\" alt=\"Olympic Beach Katerini\" srcset=\"https:\/\/diashotelkaterini.gr\/wp-content\/uploads\/2015\/07\/olympiaki05-150x150.jpg 150w, https:\/\/diashotelkaterini.gr\/wp-content\/uploads\/2015\/07\/olympiaki05-180x180.jpg 180w, https:\/\/diashotelkaterini.gr\/wp-content\/uploads\/2015\/07\/olympiaki05-300x300.jpg 300w, https:\/\/diashotelkaterini.gr\/wp-content\/uploads\/2015\/07\/olympiaki05-80x80.jpg 80w\" sizes=\"(max-width: 150px) 100vw, 150px\" \/><\/a>\n\t\t\t<\/dt><\/dl><dl class='gallery-item'>\n\t\t\t<dt class='gallery-icon landscape'>\n\t\t\t\t<a href='https:\/\/diashotelkaterini.gr\/wp-content\/uploads\/2015\/07\/olympiaki04.jpg' title=\"\" data-rl_title=\"\" class=\"rl-gallery-link\" data-rl_caption=\"\" data-rel=\"lightbox-gallery-1\"><img loading=\"lazy\" decoding=\"async\" width=\"150\" height=\"150\" src=\"https:\/\/diashotelkaterini.gr\/wp-content\/uploads\/2015\/07\/olympiaki04-150x150.jpg\" class=\"attachment-thumbnail size-thumbnail\" alt=\"\" srcset=\"https:\/\/diashotelkaterini.gr\/wp-content\/uploads\/2015\/07\/olympiaki04-150x150.jpg 150w, https:\/\/diashotelkaterini.gr\/wp-content\/uploads\/2015\/07\/olympiaki04-180x180.jpg 180w, https:\/\/diashotelkaterini.gr\/wp-content\/uploads\/2015\/07\/olympiaki04-300x300.jpg 300w, https:\/\/diashotelkaterini.gr\/wp-content\/uploads\/2015\/07\/olympiaki04-80x80.jpg 80w\" sizes=\"(max-width: 150px) 100vw, 150px\" \/><\/a>\n\t\t\t<\/dt><\/dl><dl class='gallery-item'>\n\t\t\t<dt class='gallery-icon landscape'>\n\t\t\t\t<a href='https:\/\/diashotelkaterini.gr\/wp-content\/uploads\/2015\/07\/olympiaki03.jpg' title=\"\" data-rl_title=\"\" class=\"rl-gallery-link\" data-rl_caption=\"\" data-rel=\"lightbox-gallery-1\"><img loading=\"lazy\" decoding=\"async\" width=\"150\" height=\"150\" src=\"https:\/\/diashotelkaterini.gr\/wp-content\/uploads\/2015\/07\/olympiaki03-150x150.jpg\" class=\"attachment-thumbnail size-thumbnail\" alt=\"\" srcset=\"https:\/\/diashotelkaterini.gr\/wp-content\/uploads\/2015\/07\/olympiaki03-150x150.jpg 150w, https:\/\/diashotelkaterini.gr\/wp-content\/uploads\/2015\/07\/olympiaki03-180x180.jpg 180w, https:\/\/diashotelkaterini.gr\/wp-content\/uploads\/2015\/07\/olympiaki03-300x300.jpg 300w, https:\/\/diashotelkaterini.gr\/wp-content\/uploads\/2015\/07\/olympiaki03-80x80.jpg 80w\" sizes=\"(max-width: 150px) 100vw, 150px\" \/><\/a>\n\t\t\t<\/dt><\/dl><dl class='gallery-item'>\n\t\t\t<dt class='gallery-icon landscape'>\n\t\t\t\t<a href='https:\/\/diashotelkaterini.gr\/wp-content\/uploads\/2015\/07\/olympiaki02.jpg' title=\"\" data-rl_title=\"\" class=\"rl-gallery-link\" data-rl_caption=\"\" data-rel=\"lightbox-gallery-1\"><img loading=\"lazy\" decoding=\"async\" width=\"150\" height=\"150\" src=\"https:\/\/diashotelkaterini.gr\/wp-content\/uploads\/2015\/07\/olympiaki02-150x150.jpg\" class=\"attachment-thumbnail size-thumbnail\" alt=\"\" srcset=\"https:\/\/diashotelkaterini.gr\/wp-content\/uploads\/2015\/07\/olympiaki02-150x150.jpg 150w, https:\/\/diashotelkaterini.gr\/wp-content\/uploads\/2015\/07\/olympiaki02-180x180.jpg 180w, https:\/\/diashotelkaterini.gr\/wp-content\/uploads\/2015\/07\/olympiaki02-300x300.jpg 300w, https:\/\/diashotelkaterini.gr\/wp-content\/uploads\/2015\/07\/olympiaki02-80x80.jpg 80w\" sizes=\"(max-width: 150px) 100vw, 150px\" \/><\/a>\n\t\t\t<\/dt><\/dl><dl class='gallery-item'>\n\t\t\t<dt class='gallery-icon landscape'>\n\t\t\t\t<a href='https:\/\/diashotelkaterini.gr\/wp-content\/uploads\/2015\/07\/olympiaki01.jpg' title=\"\" data-rl_title=\"\" class=\"rl-gallery-link\" data-rl_caption=\"\" data-rel=\"lightbox-gallery-1\"><img loading=\"lazy\" decoding=\"async\" width=\"150\" height=\"150\" src=\"https:\/\/diashotelkaterini.gr\/wp-content\/uploads\/2015\/07\/olympiaki01-150x150.jpg\" class=\"attachment-thumbnail size-thumbnail\" alt=\"\" srcset=\"https:\/\/diashotelkaterini.gr\/wp-content\/uploads\/2015\/07\/olympiaki01-150x150.jpg 150w, https:\/\/diashotelkaterini.gr\/wp-content\/uploads\/2015\/07\/olympiaki01-180x180.jpg 180w, https:\/\/diashotelkaterini.gr\/wp-content\/uploads\/2015\/07\/olympiaki01-300x300.jpg 300w, https:\/\/diashotelkaterini.gr\/wp-content\/uploads\/2015\/07\/olympiaki01-80x80.jpg 80w\" sizes=\"(max-width: 150px) 100vw, 150px\" \/><\/a>\n\t\t\t<\/dt><\/dl><br style=\"clear: both\" \/>\n\t\t<\/div>\n\n","protected":false},"excerpt":{"rendered":"<p>Olimpic Beach to kosmopolityczny kurort turystyczny znajduj\u0105cy si\u0119 na Riwierze Olimpu, kt\u00f3ry od wielu lat przyci\u0105ga dziesi\u0105tki tysi\u0119cy turyst\u00f3w z r\u00f3\u017cnych stron \u015bwiata. Olimpic Beach to miejsce dobrego i cichego odpoczynku, dla osob spragnionych zabawy i wakacyjnego szale\u0144stwa w wielu klubach i dyskotekach. Miejscowo\u015b\u0107 oferuje wysoki serwis hotelowy, aparthotelowy, Znajduj\u0105 si\u0119 tu tawerny , restauracje [&hellip;]<\/p>\n","protected":false},"author":2,"featured_media":0,"parent":0,"menu_order":0,"comment_status":"closed","ping_status":"closed","template":"","meta":{"footnotes":""},"yoast_head":"<!-- This site is optimized with the Yoast SEO plugin v16.5 - https:\/\/yoast.com\/wordpress\/plugins\/seo\/ -->\n<meta name=\"robots\" content=\"index, follow, max-snippet:-1, max-image-preview:large, max-video-preview:-1\" \/>\n<link rel=\"canonical\" href=\"https:\/\/diashotelkaterini.gr\/pl\/miejscowosc\/\" \/>\n<meta property=\"og:locale\" content=\"pl_PL\" \/>\n<meta property=\"og:type\" content=\"article\" \/>\n<meta property=\"og:title\" content=\"Miejscowo\u015b\u0107 - Dias Hotel\" \/>\n<meta property=\"og:description\" content=\"Olimpic Beach to kosmopolityczny kurort turystyczny znajduj\u0105cy si\u0119 na Riwierze Olimpu, kt\u00f3ry od wielu lat przyci\u0105ga dziesi\u0105tki tysi\u0119cy turyst\u00f3w z r\u00f3\u017cnych stron \u015bwiata. Olimpic Beach to miejsce dobrego i cichego odpoczynku, dla osob spragnionych zabawy i wakacyjnego szale\u0144stwa w wielu klubach i dyskotekach. Miejscowo\u015b\u0107 oferuje wysoki serwis hotelowy, aparthotelowy, Znajduj\u0105 si\u0119 tu tawerny , restauracje [&hellip;]\" \/>\n<meta property=\"og:url\" content=\"https:\/\/diashotelkaterini.gr\/pl\/miejscowosc\/\" \/>\n<meta property=\"og:site_name\" content=\"Dias Hotel\" \/>\n<meta property=\"article:modified_time\" content=\"2015-07-31T07:39:01+00:00\" \/>\n<meta property=\"og:image\" content=\"https:\/\/diashotelkaterini.gr\/wp-content\/uploads\/2015\/07\/olympiaki05-150x150.jpg\" \/>\n<meta name=\"twitter:card\" content=\"summary\" \/>\n<meta name=\"twitter:label1\" content=\"Szacowany czas czytania\" \/>\n\t<meta name=\"twitter:data1\" content=\"1 minuta\" \/>\n<script type=\"application\/ld+json\" class=\"yoast-schema-graph\">{\"@context\":\"https:\/\/schema.org\",\"@graph\":[{\"@type\":\"WebSite\",\"@id\":\"https:\/\/diashotelkaterini.gr\/#website\",\"url\":\"https:\/\/diashotelkaterini.gr\/\",\"name\":\"Dias Hotel\",\"description\":\"\",\"potentialAction\":[{\"@type\":\"SearchAction\",\"target\":\"https:\/\/diashotelkaterini.gr\/?s={search_term_string}\",\"query-input\":\"required name=search_term_string\"}],\"inLanguage\":\"pl-PL\"},{\"@type\":\"WebPage\",\"@id\":\"https:\/\/diashotelkaterini.gr\/pl\/miejscowosc\/#webpage\",\"url\":\"https:\/\/diashotelkaterini.gr\/pl\/miejscowosc\/\",\"name\":\"Miejscowo\\u015b\\u0107 - Dias Hotel\",\"isPartOf\":{\"@id\":\"https:\/\/diashotelkaterini.gr\/#website\"},\"datePublished\":\"2015-07-22T12:23:08+00:00\",\"dateModified\":\"2015-07-31T07:39:01+00:00\",\"breadcrumb\":{\"@id\":\"https:\/\/diashotelkaterini.gr\/pl\/miejscowosc\/#breadcrumb\"},\"inLanguage\":\"pl-PL\",\"potentialAction\":[{\"@type\":\"ReadAction\",\"target\":[\"https:\/\/diashotelkaterini.gr\/pl\/miejscowosc\/\"]}]},{\"@type\":\"BreadcrumbList\",\"@id\":\"https:\/\/diashotelkaterini.gr\/pl\/miejscowosc\/#breadcrumb\",\"itemListElement\":[{\"@type\":\"ListItem\",\"position\":1,\"name\":\"Home\",\"item\":\"https:\/\/diashotelkaterini.gr\/pl\/\"},{\"@type\":\"ListItem\",\"position\":2,\"name\":\"Miejscowo\\u015b\\u0107\"}]}]}<\/script>\n<!-- \/ Yoast SEO plugin. -->","_links":{"self":[{"href":"https:\/\/diashotelkaterini.gr\/pl\/wp-json\/wp\/v2\/pages\/475"}],"collection":[{"href":"https:\/\/diashotelkaterini.gr\/pl\/wp-json\/wp\/v2\/pages"}],"about":[{"href":"https:\/\/diashotelkaterini.gr\/pl\/wp-json\/wp\/v2\/types\/page"}],"author":[{"embeddable":true,"href":"https:\/\/diashotelkaterini.gr\/pl\/wp-json\/wp\/v2\/users\/2"}],"replies":[{"embeddable":true,"href":"https:\/\/diashotelkaterini.gr\/pl\/wp-json\/wp\/v2\/comments?post=475"}],"version-history":[{"count":5,"href":"https:\/\/diashotelkaterini.gr\/pl\/wp-json\/wp\/v2\/pages\/475\/revisions"}],"predecessor-version":[{"id":556,"href":"https:\/\/diashotelkaterini.gr\/pl\/wp-json\/wp\/v2\/pages\/475\/revisions\/556"}],"wp:attachment":[{"href":"https:\/\/diashotelkaterini.gr\/pl\/wp-json\/wp\/v2\/media?parent=475"}],"curies":[{"name":"wp","href":"https:\/\/api.w.org\/{rel}","templated":true}]}}