{"id":462,"date":"2015-07-22T12:17:37","date_gmt":"2015-07-22T12:17:37","guid":{"rendered":"http:\/\/likidishotels.gr\/new\/?page_id=462&#038;lang=pl"},"modified":"2015-07-31T07:27:38","modified_gmt":"2015-07-31T07:27:38","slug":"uslugi-hotelowe","status":"publish","type":"page","link":"https:\/\/diashotelkaterini.gr\/pl\/uslugi-hotelowe\/","title":{"rendered":"Us\u0142ugi hotelowe"},"content":{"rendered":"<p>Hotel Dias ***, to hotel zosta\u0142 ca\u0142kowicie odnowiony w 2015 r. dla potrzeb wymagaj\u0105cego turysty.<\/p>\n<p>Hotel znajduje si\u0119 w cichym zak\u0105tku kurortu turystycznego Olimpic Beach w regionie Pieria, opodal podn\u00f3\u017ca pasma G\u00f3r Olimpu. 450 metr\u00f3w to odleg\u0142o\u015b\u0107 dziel\u0105ca hotel od morza i szerokiej drobnopiaszczystej pla\u017cy, natomiast do centrum miasta oko\u0142o 200 metrow. Miasto Katerini, to stolica tutejszego regionu Pieria, znajdujaca si\u0119 w odleg\u0142o\u015bci 8 km od miasteczka Olimpic Beach.<\/p>\n<p><span class=\"awe-embed-video\"><iframe loading=\"lazy\" width=\"900\" height=\"506\" src=\"https:\/\/www.youtube.com\/embed\/iJpV4SuC4GM?feature=oembed\" frameborder=\"0\" allowfullscreen><\/iframe><\/span><\/p>\n<p><strong>Ca\u0142odobowa recepcja<\/strong> hotelu zapewni Pa\u0144stwu mi\u0142\u0105 i profesjonaln\u0105 obs\u0142ug\u0119. Atutem u\u0142atwiaj\u0105cym kontakt z turystami\u00a0 jest znajomo\u015b\u0107 j\u0119zyka polskiego przez obs\u0142ug\u0119 hotelow\u0105.<\/p>\n<p><strong>Restauracja<\/strong> hotelowa oferuje obfite i smaczne \u015bniadania oraz obiadokolacje w stylu kuchni europejskiej i \u015brodziemnomorskiej.<\/p>\n<p><strong>Room Service<\/strong> na posi\u0142ki, przek\u0105ski i napoje dost\u0119pne od 07:00 do 22:30.<\/p>\n<p>\u015aniadanie serwowane jest w pokoju za dodatkow\u0105 op\u0142at\u0105.<\/p>\n<p><strong>Darmowy bezprzewodowy Internet Wi -Fi<\/strong> na terenie ca\u0142ego hotelu<\/p>\n<p><strong>Drink bar oraz basen<\/strong> to miejsca, gdzie ka\u017cdy przy napojach i drinkach alkoholowych \u00a0czy te\u017c nie znajdzie czas na relaks i odpoczynek. Korzystaj\u0105c z k\u0105pieli w basenie hotelowym to okazja, aby rozkoszowa\u0107 si\u0119 widokiem szczyt\u00f3w Olimpu.<\/p>\n<p><strong>Parking<\/strong><br \/>\nzapewni bezpieczne i spokojne miejsce do zaparkowania Twojego samochodu.<\/p>\n<p>&nbsp;<\/p>\n","protected":false},"excerpt":{"rendered":"<p>Hotel Dias ***, to hotel zosta\u0142 ca\u0142kowicie odnowiony w 2015 r. dla potrzeb wymagaj\u0105cego turysty. Hotel znajduje si\u0119 w cichym zak\u0105tku kurortu turystycznego Olimpic Beach w regionie Pieria, opodal podn\u00f3\u017ca pasma G\u00f3r Olimpu. 450 metr\u00f3w to odleg\u0142o\u015b\u0107 dziel\u0105ca hotel od morza i szerokiej drobnopiaszczystej pla\u017cy, natomiast do centrum miasta oko\u0142o 200 metrow. Miasto Katerini, to [&hellip;]<\/p>\n","protected":false},"author":2,"featured_media":0,"parent":0,"menu_order":0,"comment_status":"closed","ping_status":"closed","template":"","meta":{"footnotes":""},"yoast_head":"<!-- This site is optimized with the Yoast SEO plugin v16.5 - https:\/\/yoast.com\/wordpress\/plugins\/seo\/ -->\n<meta name=\"robots\" content=\"index, follow, max-snippet:-1, max-image-preview:large, max-video-preview:-1\" \/>\n<link rel=\"canonical\" href=\"https:\/\/diashotelkaterini.gr\/pl\/uslugi-hotelowe\/\" \/>\n<meta property=\"og:locale\" content=\"pl_PL\" \/>\n<meta property=\"og:type\" content=\"article\" \/>\n<meta property=\"og:title\" content=\"Us\u0142ugi hotelowe - Dias Hotel\" \/>\n<meta property=\"og:description\" content=\"Hotel Dias ***, to hotel zosta\u0142 ca\u0142kowicie odnowiony w 2015 r. dla potrzeb wymagaj\u0105cego turysty. Hotel znajduje si\u0119 w cichym zak\u0105tku kurortu turystycznego Olimpic Beach w regionie Pieria, opodal podn\u00f3\u017ca pasma G\u00f3r Olimpu. 450 metr\u00f3w to odleg\u0142o\u015b\u0107 dziel\u0105ca hotel od morza i szerokiej drobnopiaszczystej pla\u017cy, natomiast do centrum miasta oko\u0142o 200 metrow. Miasto Katerini, to [&hellip;]\" \/>\n<meta property=\"og:url\" content=\"https:\/\/diashotelkaterini.gr\/pl\/uslugi-hotelowe\/\" \/>\n<meta property=\"og:site_name\" content=\"Dias Hotel\" \/>\n<meta property=\"article:modified_time\" content=\"2015-07-31T07:27:38+00:00\" \/>\n<meta name=\"twitter:card\" content=\"summary\" \/>\n<meta name=\"twitter:label1\" content=\"Szacowany czas czytania\" \/>\n\t<meta name=\"twitter:data1\" content=\"1 minuta\" \/>\n<script type=\"application\/ld+json\" class=\"yoast-schema-graph\">{\"@context\":\"https:\/\/schema.org\",\"@graph\":[{\"@type\":\"WebSite\",\"@id\":\"https:\/\/diashotelkaterini.gr\/#website\",\"url\":\"https:\/\/diashotelkaterini.gr\/\",\"name\":\"Dias Hotel\",\"description\":\"\",\"potentialAction\":[{\"@type\":\"SearchAction\",\"target\":\"https:\/\/diashotelkaterini.gr\/?s={search_term_string}\",\"query-input\":\"required name=search_term_string\"}],\"inLanguage\":\"pl-PL\"},{\"@type\":\"WebPage\",\"@id\":\"https:\/\/diashotelkaterini.gr\/pl\/uslugi-hotelowe\/#webpage\",\"url\":\"https:\/\/diashotelkaterini.gr\/pl\/uslugi-hotelowe\/\",\"name\":\"Us\\u0142ugi hotelowe - Dias Hotel\",\"isPartOf\":{\"@id\":\"https:\/\/diashotelkaterini.gr\/#website\"},\"datePublished\":\"2015-07-22T12:17:37+00:00\",\"dateModified\":\"2015-07-31T07:27:38+00:00\",\"breadcrumb\":{\"@id\":\"https:\/\/diashotelkaterini.gr\/pl\/uslugi-hotelowe\/#breadcrumb\"},\"inLanguage\":\"pl-PL\",\"potentialAction\":[{\"@type\":\"ReadAction\",\"target\":[\"https:\/\/diashotelkaterini.gr\/pl\/uslugi-hotelowe\/\"]}]},{\"@type\":\"BreadcrumbList\",\"@id\":\"https:\/\/diashotelkaterini.gr\/pl\/uslugi-hotelowe\/#breadcrumb\",\"itemListElement\":[{\"@type\":\"ListItem\",\"position\":1,\"name\":\"Home\",\"item\":\"https:\/\/diashotelkaterini.gr\/pl\/\"},{\"@type\":\"ListItem\",\"position\":2,\"name\":\"Us\\u0142ugi hotelowe\"}]}]}<\/script>\n<!-- \/ Yoast SEO plugin. -->","_links":{"self":[{"href":"https:\/\/diashotelkaterini.gr\/pl\/wp-json\/wp\/v2\/pages\/462"}],"collection":[{"href":"https:\/\/diashotelkaterini.gr\/pl\/wp-json\/wp\/v2\/pages"}],"about":[{"href":"https:\/\/diashotelkaterini.gr\/pl\/wp-json\/wp\/v2\/types\/page"}],"author":[{"embeddable":true,"href":"https:\/\/diashotelkaterini.gr\/pl\/wp-json\/wp\/v2\/users\/2"}],"replies":[{"embeddable":true,"href":"https:\/\/diashotelkaterini.gr\/pl\/wp-json\/wp\/v2\/comments?post=462"}],"version-history":[{"count":6,"href":"https:\/\/diashotelkaterini.gr\/pl\/wp-json\/wp\/v2\/pages\/462\/revisions"}],"predecessor-version":[{"id":560,"href":"https:\/\/diashotelkaterini.gr\/pl\/wp-json\/wp\/v2\/pages\/462\/revisions\/560"}],"wp:attachment":[{"href":"https:\/\/diashotelkaterini.gr\/pl\/wp-json\/wp\/v2\/media?parent=462"}],"curies":[{"name":"wp","href":"https:\/\/api.w.org\/{rel}","templated":true}]}}