{"id":458,"date":"2015-07-22T12:14:54","date_gmt":"2015-07-22T12:14:54","guid":{"rendered":"http:\/\/likidishotels.gr\/new\/?page_id=458&#038;lang=pl"},"modified":"2015-07-31T07:09:51","modified_gmt":"2015-07-31T07:09:51","slug":"kontakt","status":"publish","type":"page","link":"https:\/\/diashotelkaterini.gr\/pl\/kontakt\/","title":{"rendered":"Kontakt"},"content":{"rendered":"<p>Je\u015bli chcesz uzyska\u0107 wi\u0119cej informacji prosimy\u00a0o wype\u0142nienie poni\u017cszego formularza. Skontaktujemy si\u0119 z Tob\u0105 tak szybko, jak to mo\u017cliwe.<\/p>\n","protected":false},"excerpt":{"rendered":"<p>Je\u015bli chcesz uzyska\u0107 wi\u0119cej informacji prosimy\u00a0o wype\u0142nienie poni\u017cszego formularza. Skontaktujemy si\u0119 z Tob\u0105 tak szybko, jak to mo\u017cliwe.<\/p>\n","protected":false},"author":2,"featured_media":0,"parent":0,"menu_order":0,"comment_status":"closed","ping_status":"closed","template":"contact-page.php","meta":{"footnotes":""},"yoast_head":"<!-- This site is optimized with the Yoast SEO plugin v16.5 - https:\/\/yoast.com\/wordpress\/plugins\/seo\/ -->\n<meta name=\"robots\" content=\"index, follow, max-snippet:-1, max-image-preview:large, max-video-preview:-1\" \/>\n<link rel=\"canonical\" href=\"https:\/\/diashotelkaterini.gr\/pl\/kontakt\/\" \/>\n<meta property=\"og:locale\" content=\"pl_PL\" \/>\n<meta property=\"og:type\" content=\"article\" \/>\n<meta property=\"og:title\" content=\"Kontakt - Dias Hotel\" \/>\n<meta property=\"og:description\" content=\"Je\u015bli chcesz uzyska\u0107 wi\u0119cej informacji prosimy\u00a0o wype\u0142nienie poni\u017cszego formularza. Skontaktujemy si\u0119 z Tob\u0105 tak szybko, jak to mo\u017cliwe.\" \/>\n<meta property=\"og:url\" content=\"https:\/\/diashotelkaterini.gr\/pl\/kontakt\/\" \/>\n<meta property=\"og:site_name\" content=\"Dias Hotel\" \/>\n<meta property=\"article:modified_time\" content=\"2015-07-31T07:09:51+00:00\" \/>\n<meta name=\"twitter:card\" content=\"summary\" \/>\n<script type=\"application\/ld+json\" class=\"yoast-schema-graph\">{\"@context\":\"https:\/\/schema.org\",\"@graph\":[{\"@type\":\"WebSite\",\"@id\":\"https:\/\/diashotelkaterini.gr\/#website\",\"url\":\"https:\/\/diashotelkaterini.gr\/\",\"name\":\"Dias Hotel\",\"description\":\"\",\"potentialAction\":[{\"@type\":\"SearchAction\",\"target\":\"https:\/\/diashotelkaterini.gr\/?s={search_term_string}\",\"query-input\":\"required name=search_term_string\"}],\"inLanguage\":\"pl-PL\"},{\"@type\":\"WebPage\",\"@id\":\"https:\/\/diashotelkaterini.gr\/pl\/kontakt\/#webpage\",\"url\":\"https:\/\/diashotelkaterini.gr\/pl\/kontakt\/\",\"name\":\"Kontakt - Dias Hotel\",\"isPartOf\":{\"@id\":\"https:\/\/diashotelkaterini.gr\/#website\"},\"datePublished\":\"2015-07-22T12:14:54+00:00\",\"dateModified\":\"2015-07-31T07:09:51+00:00\",\"breadcrumb\":{\"@id\":\"https:\/\/diashotelkaterini.gr\/pl\/kontakt\/#breadcrumb\"},\"inLanguage\":\"pl-PL\",\"potentialAction\":[{\"@type\":\"ReadAction\",\"target\":[\"https:\/\/diashotelkaterini.gr\/pl\/kontakt\/\"]}]},{\"@type\":\"BreadcrumbList\",\"@id\":\"https:\/\/diashotelkaterini.gr\/pl\/kontakt\/#breadcrumb\",\"itemListElement\":[{\"@type\":\"ListItem\",\"position\":1,\"name\":\"Home\",\"item\":\"https:\/\/diashotelkaterini.gr\/pl\/home\/\"},{\"@type\":\"ListItem\",\"position\":2,\"name\":\"Kontakt\"}]}]}<\/script>\n<!-- \/ Yoast SEO plugin. -->","_links":{"self":[{"href":"https:\/\/diashotelkaterini.gr\/pl\/wp-json\/wp\/v2\/pages\/458"}],"collection":[{"href":"https:\/\/diashotelkaterini.gr\/pl\/wp-json\/wp\/v2\/pages"}],"about":[{"href":"https:\/\/diashotelkaterini.gr\/pl\/wp-json\/wp\/v2\/types\/page"}],"author":[{"embeddable":true,"href":"https:\/\/diashotelkaterini.gr\/pl\/wp-json\/wp\/v2\/users\/2"}],"replies":[{"embeddable":true,"href":"https:\/\/diashotelkaterini.gr\/pl\/wp-json\/wp\/v2\/comments?post=458"}],"version-history":[{"count":2,"href":"https:\/\/diashotelkaterini.gr\/pl\/wp-json\/wp\/v2\/pages\/458\/revisions"}],"predecessor-version":[{"id":559,"href":"https:\/\/diashotelkaterini.gr\/pl\/wp-json\/wp\/v2\/pages\/458\/revisions\/559"}],"wp:attachment":[{"href":"https:\/\/diashotelkaterini.gr\/pl\/wp-json\/wp\/v2\/media?parent=458"}],"curies":[{"name":"wp","href":"https:\/\/api.w.org\/{rel}","templated":true}]}}